{"id":77,"date":"2013-01-28T11:17:06","date_gmt":"2013-01-28T10:17:06","guid":{"rendered":"http:\/\/www.feldmani.fr\/?page_id=77"},"modified":"2015-03-02T17:07:16","modified_gmt":"2015-03-02T16:07:16","slug":"projets","status":"publish","type":"page","link":"http:\/\/www.feldmani.fr\/?page_id=77","title":{"rendered":"Projets"},"content":{"rendered":"<p><span style=\"text-decoration: underline;\"><span style=\"font-size: x-small;\"><strong>PROJET DE RECHERCHE ET DE SOINS MEDICO-PSYCHOLOGIQUES EN ISRAEL<\/strong><\/span><\/span><\/p>\n<p><span style=\"font-size: small;\">Nous proposons un travail de recherche qui doit amener \u00e0 l\u2019\u00e9tablissement d\u2019un support et d\u2019une infrastructure permanents pour les Juifs originaires de France, nouveaux immigrants en Isra\u00ebl, qui se trouvent confront\u00e9s \u00e0 deux facteurs de risques sur le plan m\u00e9dico-psychologique :<br \/>\n&#8211; un risque d\u2019acculturation (courant chez tous les migrants, mais particuli\u00e8rement s\u00e9v\u00e8re pour ceux qui viennent des pays occidentaux, dont la France)<br \/>\n&#8211; un \u00e9tat de stress caus\u00e9 par l&rsquo;\u00e9tat de guerre et le terrorisme permanents. Une partie de cette population franco-isra\u00e9lienne (pr\u00e8s de 1000 personnes) vient d&rsquo;\u00eatre soumise \u00e0 un troisi\u00e8me facteur de risques, celui du ph\u00e9nom\u00e8ne de d\u00e9sinsertion\/r\u00e9insertion forc\u00e9es, d\u00fb au retrait isra\u00e9lien de la bande de Gaza.<\/span><strong><span style=\"font-size: small;\"> <a href=\"http:\/\/www.feldmani.fr\/wp-content\/uploads\/2013\/02\/FBI_Projet_ASSOCIATION_ISRAELFrance_Victimologie.pdf\"><em>Cliquez ici pour lire la suite ou t\u00e9l\u00e9charger le projet complet<\/em><\/a><\/span><\/strong><\/p>\n<h3><span style=\"text-decoration: underline;\"><span style=\"font-size: x-small;\"><a href=\"http:\/\/www.feldmani.fr\/wp-content\/uploads\/2013\/02\/UNESCO_CR_English231003_Dealing_with_Violence.pdf\" target=\"_blank\">Dealing with violence &#8211; Compte rendu UNESCO Octobre 2003<\/a><\/span><\/span><\/h3>\n<p>&nbsp;<\/p>\n<p>&nbsp;<\/p>\n<p>&nbsp;<\/p>\n<p>&nbsp;<\/p>\n<h3><\/h3>\n<p>&nbsp;<\/p>\n<p>&nbsp;<\/p>\n<p>&nbsp;<\/p>\n<p>&nbsp;<\/p>\n<p>&nbsp;<\/p>\n<p>&nbsp;<\/p>\n<h3><\/h3>\n<p>&nbsp;<\/p>\n<h3><\/h3>\n<p>&nbsp;<\/p>\n<p>&nbsp;<\/p>\n<p><i>\u00a0<\/i><\/p>\n<h3><\/h3>\n<p>&nbsp;<\/p>\n<p>&nbsp;<\/p>\n<h3><\/h3>\n<p>&nbsp;<\/p>\n<p>&nbsp;<\/p>\n<p>&nbsp;<\/p>\n<p>&nbsp;<\/p>\n<h3><\/h3>\n<p>&nbsp;<\/p>\n<p>&nbsp;<\/p>\n<p>&nbsp;<\/p>\n","protected":false},"excerpt":{"rendered":"<p>PROJET DE RECHERCHE ET DE SOINS MEDICO-PSYCHOLOGIQUES EN ISRAEL Nous proposons un travail de recherche qui doit amener \u00e0 l\u2019\u00e9tablissement d\u2019un support et d\u2019une infrastructure permanents pour les Juifs originaires de France, nouveaux immigrants en Isra\u00ebl, qui se trouvent confront\u00e9s &hellip; <a href=\"http:\/\/www.feldmani.fr\/?page_id=77\">Continuer la lecture <span class=\"meta-nav\">&rarr;<\/span><\/a><\/p>\n","protected":false},"author":1,"featured_media":0,"parent":0,"menu_order":0,"comment_status":"closed","ping_status":"open","template":"","meta":{"_monsterinsights_skip_tracking":false,"_monsterinsights_sitenote_active":false,"_monsterinsights_sitenote_note":"","_monsterinsights_sitenote_category":0,"spay_email":""},"jetpack_shortlink":"https:\/\/wp.me\/P34pEU-1f","jetpack_sharing_enabled":true,"_links":{"self":[{"href":"http:\/\/www.feldmani.fr\/index.php?rest_route=\/wp\/v2\/pages\/77"}],"collection":[{"href":"http:\/\/www.feldmani.fr\/index.php?rest_route=\/wp\/v2\/pages"}],"about":[{"href":"http:\/\/www.feldmani.fr\/index.php?rest_route=\/wp\/v2\/types\/page"}],"author":[{"embeddable":true,"href":"http:\/\/www.feldmani.fr\/index.php?rest_route=\/wp\/v2\/users\/1"}],"replies":[{"embeddable":true,"href":"http:\/\/www.feldmani.fr\/index.php?rest_route=%2Fwp%2Fv2%2Fcomments&post=77"}],"version-history":[{"count":23,"href":"http:\/\/www.feldmani.fr\/index.php?rest_route=\/wp\/v2\/pages\/77\/revisions"}],"predecessor-version":[{"id":805,"href":"http:\/\/www.feldmani.fr\/index.php?rest_route=\/wp\/v2\/pages\/77\/revisions\/805"}],"wp:attachment":[{"href":"http:\/\/www.feldmani.fr\/index.php?rest_route=%2Fwp%2Fv2%2Fmedia&parent=77"}],"curies":[{"name":"wp","href":"https:\/\/api.w.org\/{rel}","templated":true}]}}