{"id":708,"date":"2014-01-15T11:55:46","date_gmt":"2014-01-15T10:55:46","guid":{"rendered":"http:\/\/www.feldmani.fr\/?page_id=708"},"modified":"2018-01-29T14:32:18","modified_gmt":"2018-01-29T13:32:18","slug":"revue-de-presse","status":"publish","type":"page","link":"http:\/\/www.feldmani.fr\/?page_id=708","title":{"rendered":"Revue de presse"},"content":{"rendered":"<p>&nbsp;<\/p>\n<h3><a href=\"https:\/\/www.facebook.com\/Qualita\/\" target=\"_blank\"><img loading=\"lazy\" class=\"alignleft size-full wp-image-1067\" src=\"http:\/\/www.feldmani.fr\/wp-content\/uploads\/2017\/12\/Logo_Qualita.jpg\" alt=\"Logo_Qualita\" width=\"85\" height=\"85\" \/><\/a>\u00ab\u00a0<a href=\"https:\/\/youtu.be\/sMuz8NtmbNI?t=10\" target=\"_blank\">Quoi faire contre les violences faites aux femmes <\/a>?\u00a0\u00bb Retrouvez sur studio qualita un \u00e9change entre Isra\u00ebl feldman et Sophie cohen<\/h3>\n<p>&nbsp;<\/p>\n<p>&nbsp;<\/p>\n<h3>\u00a0<a href=\"https:\/\/www.facebook.com\/Qualita\/\" target=\"_blank\"><img loading=\"lazy\" class=\"alignleft size-full wp-image-1067\" src=\"http:\/\/www.feldmani.fr\/wp-content\/uploads\/2017\/12\/Logo_Qualita.jpg\" alt=\"Logo_Qualita\" width=\"85\" height=\"85\" \/><\/a>Le pervers narcissique fait beaucoup de mal autour de lui\u2026<br \/>\nretrouvez ici <a href=\"https:\/\/www.facebook.com\/Qualita\/videos\/1502867413084384\/\" target=\"_blank\">l&rsquo;interview de sophie cohen<\/a> avocate et juriste<\/h3>\n<p>&nbsp;<\/p>\n<h3><\/h3>\n<p>&nbsp;<\/p>\n<h3><span style=\"font-size: x-small;\"><strong><a href=\"http:\/\/www.i24news.tv\/fr\/tv\/live\" target=\"_blank\"><img loading=\"lazy\" class=\"alignleft  wp-image-791\" src=\"http:\/\/www.feldmani.fr\/wp-content\/uploads\/2014\/10\/i24news.jpg\" alt=\"i24news\" width=\"54\" height=\"54\" \/><\/a><\/strong><\/span>grand live j.ch banoun et d.attelan re\u00e7oivent Isra\u00ebl feldman<br \/>\nterrorisme : le suicide par attentat<\/h3>\n<div style=\"width: 584px;\" class=\"wp-video\"><!--[if lt IE 9]><script>document.createElement('video');<\/script><![endif]-->\n<video class=\"wp-video-shortcode\" id=\"video-708-1\" width=\"584\" height=\"329\" preload=\"metadata\" controls=\"controls\"><source type=\"video\/mp4\" src=\"http:\/\/www.feldmani.fr\/wp-content\/uploads\/2017\/10\/Grand_Live_JeanCharles_Banoun_Danielle_Attelan_IF_i24NEWS.mp4?_=1\" \/><a href=\"http:\/\/www.feldmani.fr\/wp-content\/uploads\/2017\/10\/Grand_Live_JeanCharles_Banoun_Danielle_Attelan_IF_i24NEWS.mp4\">http:\/\/www.feldmani.fr\/wp-content\/uploads\/2017\/10\/Grand_Live_JeanCharles_Banoun_Danielle_Attelan_IF_i24NEWS.mp4<\/a><\/video><\/div>\n<p>&nbsp;<\/p>\n<h3><span style=\"font-size: x-small;\"><strong><a href=\"http:\/\/www.i24news.tv\/fr\/tv\/live\" target=\"_blank\"><img loading=\"lazy\" class=\"alignleft  wp-image-791\" src=\"http:\/\/www.feldmani.fr\/wp-content\/uploads\/2014\/10\/i24news.jpg\" alt=\"i24news\" width=\"54\" height=\"54\" \/><\/a><\/strong><\/span>\u00c9dition sp\u00e9ciale du vendredi 18 aout 2017 &#8211; Attentats en catalogne : les analyses d\u2019Isra\u00ebl feldman<a href=\"http:\/\/www.dailymotion.com\/video\/x5xckl0\" target=\"_blank\"><br \/>\n<\/a><\/h3>\n<div style=\"width: 584px;\" class=\"wp-video\"><video class=\"wp-video-shortcode\" id=\"video-708-2\" width=\"584\" height=\"329\" preload=\"metadata\" controls=\"controls\"><source type=\"video\/mp4\" src=\"http:\/\/www.feldmani.fr\/wp-content\/uploads\/2017\/10\/EditionSpec_Attentats_Catalogne_analyses_IsraelFeldman.mp4?_=2\" \/><a href=\"http:\/\/www.feldmani.fr\/wp-content\/uploads\/2017\/10\/EditionSpec_Attentats_Catalogne_analyses_IsraelFeldman.mp4\">http:\/\/www.feldmani.fr\/wp-content\/uploads\/2017\/10\/EditionSpec_Attentats_Catalogne_analyses_IsraelFeldman.mp4<\/a><\/video><\/div>\n<p>&nbsp;<\/p>\n<h3><span style=\"font-size: x-small;\"><strong><a href=\"http:\/\/www.i24news.tv\/fr\/tv\/live\" target=\"_blank\"><img loading=\"lazy\" class=\"alignleft  wp-image-791\" src=\"http:\/\/www.feldmani.fr\/wp-content\/uploads\/2014\/10\/i24news.jpg\" alt=\"i24news\" width=\"54\" height=\"54\" \/><\/a><\/strong><\/span>Isra\u00ebl feldman est l&rsquo;invite de l\u2019\u00e9dition sp\u00e9ciale du 14 juillet 2017 : hommage \u00e0 Nice, attentat de J\u00e9rusalem et anim\u00e9e par jean Charles banoun<\/h3>\n<div style=\"width: 584px;\" class=\"wp-video\"><video class=\"wp-video-shortcode\" id=\"video-708-3\" width=\"584\" height=\"329\" preload=\"metadata\" controls=\"controls\"><source type=\"video\/mp4\" src=\"http:\/\/www.feldmani.fr\/wp-content\/uploads\/2017\/10\/EditionSpec_hommage_Nice.mp4?_=3\" \/><a href=\"http:\/\/www.feldmani.fr\/wp-content\/uploads\/2017\/10\/EditionSpec_hommage_Nice.mp4\">http:\/\/www.feldmani.fr\/wp-content\/uploads\/2017\/10\/EditionSpec_hommage_Nice.mp4<\/a><\/video><\/div>\n<p>&nbsp;<\/p>\n<h3><a href=\"http:\/\/ici.radio-canada.ca\" target=\"_blank\"><img loading=\"lazy\" class=\"alignleft  wp-image-959\" src=\"http:\/\/www.feldmani.fr\/wp-content\/uploads\/2016\/07\/ici_radio_canada.png\" alt=\"ici_radio_canada\" width=\"149\" height=\"30\" \/><\/a><a href=\"http:\/\/ici.radio-canada.ca\/emissions\/lib_radio\/v3.2\/incpages\/pop_indexeur.asp?idMedia=7571270&amp;appCode=medianet&amp;time=1747&amp;json={%22idEmission%22:%226451469%22,%22Date%22:%222016\/07\/26%22,%22numeroEmission%22:%226061%22,%22urllabase%22:%22\/emissions\/un_apres_midi_d_ete\/2014%22}\" target=\"_blank\">En \u00e9coute, l&rsquo;interview d&rsquo;israel feldman par ICI radio canada : ATTENTATS ET PSYCHOSE COLLECTIVE : comment faire face aux nouvelles ?<\/a><\/h3>\n<p>&nbsp;<\/p>\n<h3><span style=\"font-size: x-small;\"><strong><a href=\"http:\/\/www.i24news.tv\/fr\/tv\/live\" target=\"_blank\"><img loading=\"lazy\" class=\"alignleft  wp-image-791\" src=\"http:\/\/www.feldmani.fr\/wp-content\/uploads\/2014\/10\/i24news.jpg\" alt=\"i24news\" width=\"54\" height=\"54\" \/><\/a><\/strong><\/span>Suite \u00e0 l&rsquo;attentat de nice ISRAEL FELDMAN EST L&rsquo;invit\u00e9 de l&rsquo;\u00e9dition sp\u00e9ciale de val\u00e9rie perez du 15 juillet 2016<\/h3>\n<h3><\/h3>\n<div style=\"width: 584px;\" class=\"wp-video\"><video class=\"wp-video-shortcode\" id=\"video-708-4\" width=\"584\" height=\"329\" preload=\"metadata\" controls=\"controls\"><source type=\"video\/mp4\" src=\"http:\/\/www.feldmani.fr\/wp-content\/uploads\/2016\/07\/Edition_speciale_15_07_2016.mp4?_=4\" \/><a href=\"http:\/\/www.feldmani.fr\/wp-content\/uploads\/2016\/07\/Edition_speciale_15_07_2016.mp4\">http:\/\/www.feldmani.fr\/wp-content\/uploads\/2016\/07\/Edition_speciale_15_07_2016.mp4<\/a><\/video><\/div>\n<p>&nbsp;<\/p>\n<p>&nbsp;<\/p>\n<h3><span style=\"font-size: x-small;\"><strong><a href=\"http:\/\/www.i24news.tv\/fr\/tv\/live\" target=\"_blank\"><img loading=\"lazy\" class=\"alignleft  wp-image-791\" src=\"http:\/\/www.feldmani.fr\/wp-content\/uploads\/2014\/10\/i24news.jpg\" alt=\"i24news\" width=\"54\" height=\"54\" \/><\/a><\/strong><\/span>Dans son \u00e9mission \u00ab\u00a0soci\u00e9t\u00e9\u00a0\u00bb Val\u00e9rie p\u00e9rez re\u00e7oit Isra\u00ebl feldman<br \/>\nPOUR le grand dossier : euthanasie, aide \u00e0 la fin de vie : o\u00f9 sont les limites ?<\/h3>\n<div style=\"width: 584px;\" class=\"wp-video\"><video class=\"wp-video-shortcode\" id=\"video-708-5\" width=\"584\" height=\"336\" preload=\"metadata\" controls=\"controls\"><source type=\"video\/x-flv\" src=\"http:\/\/www.feldmani.fr\/wp-content\/uploads\/2016\/07\/Societe_5_07_2016.flv?_=5\" \/><a href=\"http:\/\/www.feldmani.fr\/wp-content\/uploads\/2016\/07\/Societe_5_07_2016.flv\">http:\/\/www.feldmani.fr\/wp-content\/uploads\/2016\/07\/Societe_5_07_2016.flv<\/a><\/video><\/div>\n<p>&nbsp;<\/p>\n<h3><span style=\"font-size: x-small;\"><strong><a href=\"http:\/\/www.i24news.tv\/fr\/tv\/live\" target=\"_blank\"><img loading=\"lazy\" class=\"alignleft  wp-image-791\" src=\"http:\/\/www.feldmani.fr\/wp-content\/uploads\/2014\/10\/i24news.jpg\" alt=\"i24news\" width=\"54\" height=\"54\" \/><\/a><\/strong><\/span>Dans son \u00e9mission \u00ab\u00a0soci\u00e9t\u00e9\u00a0\u00bb Val\u00e9rie p\u00e9rez re\u00e7oit PAUL KIEUSSEIAN ET Isra\u00ebl feldman pour le grand dossier : le g\u00e9nocide arm\u00e9nien, une pierre de discorde avec Isra\u00ebl<\/h3>\n<div style=\"width: 584px;\" class=\"wp-video\"><video class=\"wp-video-shortcode\" id=\"video-708-6\" width=\"584\" height=\"329\" preload=\"metadata\" controls=\"controls\"><source type=\"video\/x-flv\" src=\"http:\/\/www.feldmani.fr\/wp-content\/uploads\/2016\/03\/I24News_Armenie.flv?_=6\" \/><a href=\"http:\/\/www.feldmani.fr\/wp-content\/uploads\/2016\/03\/I24News_Armenie.flv\">http:\/\/www.feldmani.fr\/wp-content\/uploads\/2016\/03\/I24News_Armenie.flv<\/a><\/video><\/div>\n<p>&nbsp;<\/p>\n<h3><span style=\"font-size: x-small;\"><strong><a href=\"http:\/\/www.i24news.tv\/fr\/tv\/live\" target=\"_blank\"><img loading=\"lazy\" class=\"alignleft  wp-image-791\" src=\"http:\/\/www.feldmani.fr\/wp-content\/uploads\/2014\/10\/i24news.jpg\" alt=\"i24news\" width=\"54\" height=\"54\" \/><\/a><\/strong><\/span><strong><a href=\"http:\/\/www.feldmani.fr\/wp-content\/uploads\/2016\/03\/Alyah.mp4\">QUITTER LA FRANCE POUR ISRA\u00cbL : le d\u00e9fi de l&rsquo;int\u00e9gration<\/a><\/strong><\/h3>\n<div style=\"width: 584px;\" class=\"wp-video\"><video class=\"wp-video-shortcode\" id=\"video-708-7\" width=\"584\" height=\"329\" preload=\"metadata\" controls=\"controls\"><source type=\"video\/mp4\" src=\"http:\/\/www.feldmani.fr\/wp-content\/uploads\/2016\/03\/Alyah.mp4?_=7\" \/><a href=\"http:\/\/www.feldmani.fr\/wp-content\/uploads\/2016\/03\/Alyah.mp4\">http:\/\/www.feldmani.fr\/wp-content\/uploads\/2016\/03\/Alyah.mp4<\/a><\/video><\/div>\n<p>&nbsp;<\/p>\n<p><em><strong>Val\u00e9rie Perez re\u00e7oit Isra\u00ebl Feldman dans son \u00e9mission \u00ab\u00a0SOCI\u00c9T\u00c9\u00a0\u00bb<\/strong><\/em><\/p>\n<h3><span style=\"font-size: x-small;\"><strong><a href=\"http:\/\/www.i24news.tv\/fr\/tv\/live\" target=\"_blank\"><img loading=\"lazy\" class=\"alignleft  wp-image-791\" src=\"http:\/\/www.feldmani.fr\/wp-content\/uploads\/2014\/10\/i24news.jpg\" alt=\"i24news\" width=\"54\" height=\"54\" \/><\/a><\/strong><\/span><strong><a href=\"https:\/\/www.dailymotion.com\/video\/x3sgl88_grand-dossier-le-viol-un-traumatisme-a-vie_news#tab_embed\" target=\"_blank\">Le viol, un traumatisme a vie ?<\/a><\/strong><\/h3>\n<p><em><strong>\u00a0<\/strong><\/em><\/p>\n<div style=\"width: 584px;\" class=\"wp-video\"><video class=\"wp-video-shortcode\" id=\"video-708-8\" width=\"584\" height=\"329\" preload=\"metadata\" controls=\"controls\"><source type=\"video\/mp4\" src=\"http:\/\/www.feldmani.fr\/wp-content\/uploads\/2016\/02\/Le_viol.mp4?_=8\" \/><a href=\"http:\/\/www.feldmani.fr\/wp-content\/uploads\/2016\/02\/Le_viol.mp4\">http:\/\/www.feldmani.fr\/wp-content\/uploads\/2016\/02\/Le_viol.mp4<\/a><\/video><\/div>\n<p>&nbsp;<\/p>\n<h3><span style=\"font-size: x-small;\"><strong><a href=\"http:\/\/www.i24news.tv\/fr\/tv\/live\" target=\"_blank\"><img loading=\"lazy\" class=\"alignleft  wp-image-791\" src=\"http:\/\/www.feldmani.fr\/wp-content\/uploads\/2014\/10\/i24news.jpg\" alt=\"i24news\" width=\"54\" height=\"54\" \/><\/a><\/strong><\/span><strong><a href=\"http:\/\/www.feldmani.fr\/wp-content\/uploads\/2016\/01\/PST_Tsahal_I24news.mp4\" target=\"_blank\">Pour parler du syndrome post traumatique chez les soldats de tsahal<\/a><\/strong><\/h3>\n<div style=\"width: 584px;\" class=\"wp-video\"><video class=\"wp-video-shortcode\" id=\"video-708-9\" width=\"584\" height=\"329\" preload=\"metadata\" controls=\"controls\"><source type=\"video\/mp4\" src=\"http:\/\/www.feldmani.fr\/wp-content\/uploads\/2016\/01\/PST_Tsahal_I24news.mp4?_=9\" \/><a href=\"http:\/\/www.feldmani.fr\/wp-content\/uploads\/2016\/01\/PST_Tsahal_I24news.mp4\">http:\/\/www.feldmani.fr\/wp-content\/uploads\/2016\/01\/PST_Tsahal_I24news.mp4<\/a><\/video><\/div>\n<h3><\/h3>\n<p>&nbsp;<\/p>\n<p>&nbsp;<\/p>\n<h3><span style=\"font-size: x-small;\"><strong><a href=\"http:\/\/www.i24news.tv\/fr\/tv\/live\" target=\"_blank\"><img loading=\"lazy\" class=\"alignleft  wp-image-791\" src=\"http:\/\/www.feldmani.fr\/wp-content\/uploads\/2014\/10\/i24news.jpg\" alt=\"i24news\" width=\"54\" height=\"54\" \/><\/a><\/strong><\/span><strong><a href=\"http:\/\/www.feldmani.fr\/wp-content\/uploads\/2016\/01\/Alep_tempsdeguerre_I24news.mp4\">ALEP EN TEMPS DE GUERRE<\/a><\/strong><\/h3>\n<p>&nbsp;<\/p>\n<div style=\"width: 584px;\" class=\"wp-video\"><video class=\"wp-video-shortcode\" id=\"video-708-10\" width=\"584\" height=\"329\" preload=\"metadata\" controls=\"controls\"><source type=\"video\/mp4\" src=\"http:\/\/www.feldmani.fr\/wp-content\/uploads\/2016\/01\/Alep_tempsdeguerre_I24news.mp4?_=10\" \/><a href=\"http:\/\/www.feldmani.fr\/wp-content\/uploads\/2016\/01\/Alep_tempsdeguerre_I24news.mp4\">http:\/\/www.feldmani.fr\/wp-content\/uploads\/2016\/01\/Alep_tempsdeguerre_I24news.mp4<\/a><\/video><\/div>\n<h3><\/h3>\n<p>&nbsp;<\/p>\n<h3><\/h3>\n<h3><span style=\"font-size: x-small;\"><strong><a title=\"Le d\u00e9bat du Grand Direct - Eli Carmon et Israel Feldman - 12\/10\/2014\" href=\"http:\/\/www.i24news.tv\/fr\/tv\/revoir?page=2#\">Le d\u00e9bat du Grand Direct &#8211; Eli Carmon et Israel Feldman &#8211; <\/a><a href=\"http:\/\/www.i24news.tv\/fr\/tv\/live\" target=\"_blank\"><img loading=\"lazy\" class=\"alignleft size-full wp-image-791\" src=\"http:\/\/www.feldmani.fr\/wp-content\/uploads\/2014\/10\/i24news.jpg\" alt=\"i24news\" width=\"71\" height=\"71\" \/><\/a><\/strong><\/span><\/h3>\n<p><em><strong>La chaine d&rsquo;information internationale Isra\u00e9lienne i24News re\u00e7oit le Dr Isra\u00ebl Feldman dans son \u00e9mission Le D\u00e9bat du Grand Direct du dimanche 12 Octobre 2014<\/strong><\/em><\/p>\n<p>&nbsp;<\/p>\n<div style=\"width: 584px;\" class=\"wp-video\"><video class=\"wp-video-shortcode\" id=\"video-708-11\" width=\"584\" height=\"329\" preload=\"metadata\" controls=\"controls\"><source type=\"video\/mp4\" src=\"http:\/\/www.feldmani.fr\/wp-content\/uploads\/2016\/02\/Debat_EliCarmon.mp4?_=11\" \/><a href=\"http:\/\/www.feldmani.fr\/wp-content\/uploads\/2016\/02\/Debat_EliCarmon.mp4\">http:\/\/www.feldmani.fr\/wp-content\/uploads\/2016\/02\/Debat_EliCarmon.mp4<\/a><\/video><\/div>\n<p>&nbsp;<\/p>\n<h3><\/h3>\n<h3><\/h3>\n<h3><span style=\"font-size: x-small;\"><span style=\"color: #3285cd;\"><strong>INTERVIEW DU DR ISRAEL FELDMAN, diffus\u00e9e le 1ER JUIN 2014<\/strong><\/span><a href=\"http:\/\/www.lunion.presse.fr\/article\/marne\/luniversite-et-france-israel-reims-recoivent-un-psychanalyste-mardi-soir-juifs-ou-arab\" target=\"_blank\"><br \/>\n<\/a><\/span><\/h3>\n<p><em><strong><span style=\"font-size: small;\">La chaine d&rsquo;information internationale Isra\u00e9lienne i24News re\u00e7oit le Dr Isra\u00ebl Feldman dans son \u00e9mission Le Grand Direct du dimanche 1er Juin 2014<\/span><\/strong><\/em><\/p>\n<div style=\"width: 584px;\" class=\"wp-video\"><video class=\"wp-video-shortcode\" id=\"video-708-12\" width=\"584\" height=\"329\" preload=\"metadata\" controls=\"controls\"><source type=\"video\/mp4\" src=\"http:\/\/www.feldmani.fr\/wp-content\/uploads\/2016\/02\/Invite_Grandirect.mp4?_=12\" \/><a href=\"http:\/\/www.feldmani.fr\/wp-content\/uploads\/2016\/02\/Invite_Grandirect.mp4\">http:\/\/www.feldmani.fr\/wp-content\/uploads\/2016\/02\/Invite_Grandirect.mp4<\/a><\/video><\/div>\n<p>&nbsp;<\/p>\n<h3><strong><span style=\"font-size: x-small;\"><a href=\"http:\/\/www.lunion.presse.fr\/article\/marne\/luniversite-et-france-israel-reims-recoivent-un-psychanalyste-mardi-soir-juifs-ou-arab\" target=\"_blank\">Article publi\u00e9 dans l&rsquo;union du 11 F\u00e9vrier 2012<\/a><\/span><\/strong><\/h3>\n<p><em><strong><span style=\"font-size: small;\">L&rsquo;universit\u00e9 et France-Isra\u00ebl Reims re\u00e7oivent un psychanalyste mardi soir Juifs ou arabes les enfants souffrent<\/span><\/strong><\/em><\/p>\n<p><span style=\"font-size: small;\">Psychanalyste mandat\u00e9 par l&rsquo;Unesco, I.-B. Feldman \u00e9tudie le traumatisme des enfants au Proche-Orient. Aussi bien isra\u00e9liens que palestiniens.<\/span><\/p>\n<p><span style=\"font-size: small;\">Il sera question des enfants, mardi soir, lors de la prochaine conf\u00e9rence organis\u00e9e conjointement par l&rsquo;universit\u00e9 et l&rsquo;association France-Isra\u00ebl Reims. Isra\u00ebl-Bernard Feldman, psychanalyste et enseignant pour le compte de l&rsquo;Unesco aux universit\u00e9s de Tel-Aviv et de Paris V, viendra \u00e9voquer le traumatisme des enfants isra\u00e9liens et palestiniens. Des histoires d&rsquo;enfances bouscul\u00e9es, sacrifi\u00e9es et aussi instrumentalis\u00e9es.<br \/>\nQui sont ces enfants dont vous vous occupez ?<\/span><br \/>\n<span style=\"font-size: small;\"> \u00ab Il s&rsquo;agit autant d&rsquo;enfants juifs que d&rsquo;enfants arabes qui ont grandi en Isra\u00ebl ou dans les territoires. Nous menons une enqu\u00eate \u00e0 leur sujet depuis 2002 pour voir les dommages caus\u00e9s par la seconde intifada (qui a commenc\u00e9 en 2000). Pas moins de 1 300 enfants sont concern\u00e9s. Ils avaient entre 13 et 15 ans \u00e0 l&rsquo;\u00e9poque. \u00bb<\/span>&#8230;<br \/>\n<a href=\"http:\/\/www.feldmani.fr\/wp-content\/uploads\/2014\/01\/ConferenceReims.pdf\" target=\"_blank\"><strong><em><span style=\"font-size: small;\">Cliquez ici pour lire la suite ou t\u00e9l\u00e9charger l&rsquo;article complet<\/span><\/em><\/strong><\/a><\/p>\n<p>&nbsp;<\/p>\n","protected":false},"excerpt":{"rendered":"<p>&nbsp; \u00ab\u00a0Quoi faire contre les violences faites aux femmes ?\u00a0\u00bb Retrouvez sur studio qualita un \u00e9change entre Isra\u00ebl feldman et Sophie cohen &nbsp; &nbsp; \u00a0Le pervers narcissique fait beaucoup de mal autour de lui\u2026 retrouvez ici l&rsquo;interview de sophie cohen &hellip; <a href=\"http:\/\/www.feldmani.fr\/?page_id=708\">Continuer la lecture <span class=\"meta-nav\">&rarr;<\/span><\/a><\/p>\n","protected":false},"author":1,"featured_media":0,"parent":0,"menu_order":0,"comment_status":"closed","ping_status":"closed","template":"","meta":{"_monsterinsights_skip_tracking":false,"_monsterinsights_sitenote_active":false,"_monsterinsights_sitenote_note":"","_monsterinsights_sitenote_category":0,"spay_email":""},"jetpack_shortlink":"https:\/\/wp.me\/P34pEU-bq","jetpack_sharing_enabled":true,"_links":{"self":[{"href":"http:\/\/www.feldmani.fr\/index.php?rest_route=\/wp\/v2\/pages\/708"}],"collection":[{"href":"http:\/\/www.feldmani.fr\/index.php?rest_route=\/wp\/v2\/pages"}],"about":[{"href":"http:\/\/www.feldmani.fr\/index.php?rest_route=\/wp\/v2\/types\/page"}],"author":[{"embeddable":true,"href":"http:\/\/www.feldmani.fr\/index.php?rest_route=\/wp\/v2\/users\/1"}],"replies":[{"embeddable":true,"href":"http:\/\/www.feldmani.fr\/index.php?rest_route=%2Fwp%2Fv2%2Fcomments&post=708"}],"version-history":[{"count":80,"href":"http:\/\/www.feldmani.fr\/index.php?rest_route=\/wp\/v2\/pages\/708\/revisions"}],"predecessor-version":[{"id":1083,"href":"http:\/\/www.feldmani.fr\/index.php?rest_route=\/wp\/v2\/pages\/708\/revisions\/1083"}],"wp:attachment":[{"href":"http:\/\/www.feldmani.fr\/index.php?rest_route=%2Fwp%2Fv2%2Fmedia&parent=708"}],"curies":[{"name":"wp","href":"https:\/\/api.w.org\/{rel}","templated":true}]}}