{"id":66,"date":"2013-01-21T16:06:20","date_gmt":"2013-01-21T15:06:20","guid":{"rendered":"http:\/\/www.feldmani.fr\/?page_id=66"},"modified":"2014-01-15T11:22:17","modified_gmt":"2014-01-15T10:22:17","slug":"accueil","status":"publish","type":"page","link":"http:\/\/www.feldmani.fr\/","title":{"rendered":"Accueil"},"content":{"rendered":"<p style=\"font-family: Arial,Helvetica,sans-serif;\"><span style=\"font-size: medium;\"><strong><span style=\"color: #808080;\">\u00a0<\/span><\/strong><\/span><\/p>\n<table class=\"alignright\" dir=\"ltr\" style=\"width: 150px; height: 200px; background-color: #02a4ea;\" border=\"0\" frame=\"above\" rules=\"rows\" align=\"right\">\n<tbody>\n<tr>\n<td>\n<h3><a href=\"http:\/\/www.feldmani.fr\/?page_id=36\" target=\"_blank\"><span style=\"color: #ffffff; font-size: small;\">QUI SUIS-JE ?<\/span><\/a><\/h3>\n<\/td>\n<\/tr>\n<tr>\n<td><a href=\"http:\/\/www.feldmani.fr\/?page_id=39\" target=\"_blank\"><span style=\"color: #ffffff; font-size: small;\">MES COORDONN\u00c9ES<\/span><strong><span style=\"color: #ffffff;\"><br \/>\n<\/span><\/strong><\/a><\/td>\n<\/tr>\n<tr>\n<td><a href=\"http:\/\/www.feldmani.fr\/?page_id=40\" target=\"_blank\"><span style=\"color: #ffffff; font-size: small;\">QU&rsquo;EST CE QUE LA VICTIMOLOGIE ?<\/span><\/a><\/td>\n<\/tr>\n<\/tbody>\n<\/table>\n<p><img loading=\"lazy\" class=\"alignleft size-full wp-image-219\" alt=\"FI_identite2ACC\" src=\"http:\/\/www.feldmani.fr\/wp-content\/uploads\/2013\/01\/FI_identite2ACC.jpg\" width=\"186\" height=\"283\" \/><span style=\"color: #808080; font-size: small;\"><strong>PR\u00c9SENTATION : ISRA\u00cbL-BERNARD FELDMAN : <\/strong><\/span><\/p>\n<p><strong><span style=\"color: #808080;\"><span style=\"font-size: x-small;\">\u00a0PSYCHOLOGUE<\/span> <span style=\"font-size: x-small;\">\/<\/span> v<span style=\"font-size: x-small;\">ICTIMOLOGUE \/ \u00c9TUDES M\u00c9DICALES.<\/span><\/span><\/strong><\/p>\n<p><strong><span style=\"color: #808080;\"><span style=\"font-size: x-small;\">PSYCHOLOGIE CLINIQUE &#8211; VICTIMOLOGIE : PSYCHOTH\u00c9RAPIES DE VICTIMES, FORMATIONS &#8211; ENSEIGNEMENT UNIVERSITAIRE, INTERVENTIONS SUR LE TERRAIN<br \/>\nEN FRANCE, EN ISRA\u00cbL ET DANS LE MONDE.<\/span><\/span><\/strong><br \/>\n<span style=\"font-size: small;\"><br \/>\n<span style=\"font-size: x-small; color: #888888;\">ARTICLES EN FRAN\u00c7AIS<\/span><br \/>\n<span style=\"font-size: x-small; color: #888888;\"> ARTI<span style=\"font-size: small;\">c<span style=\"font-size: x-small;\">ULOS EN ESPAG\u00d1OL<\/span><\/span><\/span><br \/>\n<span style=\"font-size: x-small; color: #888888;\"> ARTICLES IN ENGLISH<\/span><br \/>\n<span style=\"color: #888888;\">\u05de\u05d0\u05de\u05e8\u05d9\u05dd \u05d1\u05e2\u05d1\u05e8\u05d9\u05ea<\/span><br \/>\n<\/span><\/p>\n<p>&nbsp;<\/p>\n","protected":false},"excerpt":{"rendered":"<p>\u00a0 QUI SUIS-JE ? MES COORDONN\u00c9ES QU&rsquo;EST CE QUE LA VICTIMOLOGIE ? PR\u00c9SENTATION : ISRA\u00cbL-BERNARD FELDMAN : \u00a0PSYCHOLOGUE \/ vICTIMOLOGUE \/ \u00c9TUDES M\u00c9DICALES. PSYCHOLOGIE CLINIQUE &#8211; VICTIMOLOGIE : PSYCHOTH\u00c9RAPIES DE VICTIMES, FORMATIONS &#8211; ENSEIGNEMENT UNIVERSITAIRE, INTERVENTIONS SUR LE TERRAIN EN &hellip; <a href=\"http:\/\/www.feldmani.fr\/\">Continuer la lecture <span class=\"meta-nav\">&rarr;<\/span><\/a><\/p>\n","protected":false},"author":1,"featured_media":0,"parent":0,"menu_order":0,"comment_status":"closed","ping_status":"open","template":"showcase.php","meta":{"_monsterinsights_skip_tracking":false,"_monsterinsights_sitenote_active":false,"_monsterinsights_sitenote_note":"","_monsterinsights_sitenote_category":0,"spay_email":""},"jetpack_shortlink":"https:\/\/wp.me\/P34pEU-14","jetpack_sharing_enabled":true,"_links":{"self":[{"href":"http:\/\/www.feldmani.fr\/index.php?rest_route=\/wp\/v2\/pages\/66"}],"collection":[{"href":"http:\/\/www.feldmani.fr\/index.php?rest_route=\/wp\/v2\/pages"}],"about":[{"href":"http:\/\/www.feldmani.fr\/index.php?rest_route=\/wp\/v2\/types\/page"}],"author":[{"embeddable":true,"href":"http:\/\/www.feldmani.fr\/index.php?rest_route=\/wp\/v2\/users\/1"}],"replies":[{"embeddable":true,"href":"http:\/\/www.feldmani.fr\/index.php?rest_route=%2Fwp%2Fv2%2Fcomments&post=66"}],"version-history":[{"count":35,"href":"http:\/\/www.feldmani.fr\/index.php?rest_route=\/wp\/v2\/pages\/66\/revisions"}],"predecessor-version":[{"id":69,"href":"http:\/\/www.feldmani.fr\/index.php?rest_route=\/wp\/v2\/pages\/66\/revisions\/69"}],"wp:attachment":[{"href":"http:\/\/www.feldmani.fr\/index.php?rest_route=%2Fwp%2Fv2%2Fmedia&parent=66"}],"curies":[{"name":"wp","href":"https:\/\/api.w.org\/{rel}","templated":true}]}}