{"id":36,"date":"2013-01-21T10:36:46","date_gmt":"2013-01-21T09:36:46","guid":{"rendered":"http:\/\/www.feldmani.fr\/?page_id=36"},"modified":"2015-06-18T17:34:14","modified_gmt":"2015-06-18T16:34:14","slug":"qui-suis-je","status":"publish","type":"page","link":"http:\/\/www.feldmani.fr\/?page_id=36","title":{"rendered":"Qui suis-je ?"},"content":{"rendered":"<p><span style=\"font-size: small;\">\u00a0\u00a0<\/span>\u00a0<span style=\"color: #02a4ea;\"><strong>FORMATION :<\/strong>\u00a0<\/span><\/p>\n<table class=\"alignright\" style=\"width: 200px; height: 70px;\" border=\"0\" frame=\"border\" cellspacing=\"0\" cellpadding=\"0\" align=\"right\">\n<caption><img loading=\"lazy\" class=\" wp-image-225 alignright\" src=\"http:\/\/www.feldmani.fr\/wp-content\/uploads\/2013\/01\/FI_MerQSJ.jpg\" alt=\"FI_MerQSJ\" width=\"265\" height=\"198\" \/><\/caption>\n<tbody>\n<tr>\n<td><\/td>\n<\/tr>\n<\/tbody>\n<\/table>\n<p><span style=\"font-size: small;\">&#8211; Doctorat de Victimologie clinique Univ. PARIS XIII<br \/>\n&#8211; Etudes de m\u00e9decine Univ. PARIS VII, CHU Bichat<\/span><br \/>\n<span style=\"font-size: small;\">&#8211; Doctorat de Psychopathologie Univ. Paris\u00a0 VIII<b><br \/>\n<\/b>&#8211; D.E.A. de Psychopathologie Univ. PARIS VIII<b><br \/>\n<\/b>&#8211; D.E.S.S. de Psychologie clinique Univ. PARIS V<b><br \/>\n<\/b>&#8211; Formation de Psychanalyste (Institut de Psychanalyse\u00a0\u00a0\u00a0\u00a0<b><br \/>\n<\/b>rue St. Jacques 75014 PARIS)<b><br \/>\n<\/b>&#8211; Dipl\u00f4me de Directeur de Maison de Jeunes<b><br \/>\n<\/b>(Minist\u00e8re fran\u00e7ais de la Jeunesse et des Sports)<b><br \/>\n<\/b>&#8211; Etudes de sp\u00e9cialiste du Commerce Ext\u00e9rieur de la France<br \/>\net de Langues\u00c9trang\u00e8res\u00a0:Anglais \u00e0 la \u00ab\u00a0British Chamber<br \/>\nof Commerce\u00a0\u00bb de Paris, et Espagnol \u00e0 la \u00ab\u00a0Camara official de Comercio de Espa\u00f1a\u00a0\u00bb de Paris.<\/span><\/p>\n<p><span style=\"color: #02a4ea;\"><strong>LANGUES:<\/strong><\/span><br \/>\n<span style=\"font-size: small;\">&#8211; Fran\u00e7ais; Anglais; Espagnol; H\u00e9breu (parl\u00e9es et \u00e9crites)<\/span><\/p>\n<p><span style=\"color: #02a4ea;\"><strong>PROFESSION :<\/strong><\/span><br \/>\n<span style=\"font-size: small;\">&#8211; Psychologue\/Victimologue (Psychologie clinique &#8211; Victimologie: Psychoth\u00e9rapies de victimes, Formations &#8211; Enseignement universitaire, Interventions sur le terrain en France, en Isra\u00ebl et dans le monde).<br \/>\n<a href=\"http:\/\/www.biu.ac.il\/academic_freedom\/members\/members%20f.htm\" target=\"_blank\">&#8211; Responsable de l&rsquo;Academic Catedra in Isra\u00ebl &#8211; UNITWIN Program on Violence (UNESCO)<\/a><b><br \/>\n<\/b>&#8211; Ex-Psychologue-Chercheur et Formateur dans l&rsquo;Association \u00ab\u00a0Rosh Pinah\u00a0\u00bb, sise \u00e0 Yavn\u00e9 (travail comparatif sur le traumatisme trans-g\u00e9n\u00e9rationnel, dans les populations juives isra\u00e9liennes apr\u00e8s la Shoah, chez les Noirs descendant des esclaves dans les Cara\u00efbes fran\u00e7aises (Martinique, Guadeloupe), dans les populations arm\u00e9niennes install\u00e9es en France apr\u00e8s le g\u00e9nocide op\u00e9r\u00e9 par les Turcs &#8211; Travail sur la notion de \u00ab\u00a0concurrence entre les victimes\u00a0\u00bb) 1988- 1993,<b><br \/>\n<\/b>&#8211; Ex-Directeur fondateur- Psychoth\u00e9rapeute de l&rsquo;Ass. \u00ab\u00a0Hevel\u00a0\u00bb (Association Internationale d&rsquo;aide aux victimes de la violence),<br \/>\n&#8211; Ex-Psychoth\u00e9rapeute dans l&rsquo;arm\u00e9e de r\u00e9serve isra\u00e9lienne (traitement du: \u00ab\u00a0Post.Traumatic.Stress.Disorder\u00a0\u00bb chez les familles endeuill\u00e9es par les guerres isra\u00e9lo-arabes) 1985-1997,<b><br \/>\n<\/b>&#8211; Psychoth\u00e9rapeute pour l\u2019Association \u00ab\u00a0Alumim\u00a0\u00bb (enfants cach\u00e9s pendant la Shoah), section de Tel Aviv\u00a0: th\u00e9rapie de groupe, activit\u00e9 actuelle,<br \/>\n&#8211; Ex-Psychoth\u00e9rapeute pour le \u00ab\u00a0Mat\u00e9-Nifga\u00e9i-Ha Terror\u00a0\u00bb (Conseil Repr\u00e9sentatif des Victimes du Terrorisme), J\u00e9rusalem\u00a0: psychoth\u00e9rapie des victimes,<\/span><\/p>\n<p><span style=\"font-size: small;\">-Psychoth\u00e9rapeute de victimes d&rsquo;attentats dans la fondation \u00ab\u00a0ONE FAMILY FUND\u00a0\u00bb, J\u00e9rusalem, activit\u00e9 actuelle,<b><br \/>\n<\/b>&#8211; Ex-Charg\u00e9 de cours de Victimologie \u00e0 l&rsquo;Univ. PARIS XIII, France (Facult\u00e9 de m\u00e9decine \u00ab\u00a0LEONARD DE VINCI\u00a0\u00bb, D.U. de Criminologie\/Victimologie),<br \/>\n&#8211; Charg\u00e9 de cours\u00a0 de Psychotraumatologie\/Victimologie \u00e0 PARIS V (Mast\u00e8re d&rsquo;Ethique m\u00e9dicale\/Victimologie\/Criminologie \u00e0 la Facult\u00e9 de m\u00e9decine rue des Saints P\u00e8res), activit\u00e9 actuelle,<br \/>\n&#8211; Responsable de la Chaire Unesco (Unitwin) sur la Violence en relation avec l\u2019universit\u00e9 de Tel Aviv, Isra\u00ebl, poste actuel,<b><br \/>\n<\/b>&#8211; Ex-Pr\u00e9sident de \u00ab\u00a0l\u2019Association Isra\u00ebl-France de Victimologie de l\u2019enfant et de sa famille\u00a0\u00bb, appel\u00e9e \u00ab\u00a0Yshak\u00a0\u00bb. Cette association a \u00e9t\u00e9 la correspondante de l&rsquo;<\/span><span style=\"font-size: small;\"><a href=\"http:\/\/www.institutdevictimologie.fr\/\" target=\"_blank\">Institut de victimologie<\/a><\/span><span style=\"font-size: small;\"> situ\u00e9 Rue Saussure \u00e0 Paris <b><br \/>\n<\/b>&#8211; Psychoth\u00e9rapeute pour le Minist\u00e8re de l\u2019Int\u00e9gration en Isra\u00ebl et l\u2019Agence Juive (soutien psychologique aux immigrants de France).<\/span><\/p>\n<p><span style=\"color: #02a4ea;\"><strong>HOBBYES :<\/strong><\/span><span style=\"font-size: small; color: #02a4ea;\"><strong><br \/>\n<\/strong><\/span><span style=\"color: #000000; font-size: small;\">Natation &#8211; Course &#8211; Musique (violon)<\/span><\/p>\n<p><a href=\"https:\/\/youtu.be\/KMr-d7ubgXs\" target=\"_blank\">Regardez sur youtube le concert donn\u00e9 \u00e0 Ashdod pour l&rsquo;association France-Isra\u00ebl Marseille en avril 2015<\/a><\/p>\n<div style=\"width: 584px;\" class=\"wp-video\"><!--[if lt IE 9]><script>document.createElement('video');<\/script><![endif]-->\n<video class=\"wp-video-shortcode\" id=\"video-36-1\" width=\"584\" height=\"329\" preload=\"metadata\" controls=\"controls\"><source type=\"video\/mp4\" src=\"http:\/\/www.feldmani.fr\/wp-content\/uploads\/2015\/06\/Concert_Israel_Ashdod.mp4?_=1\" \/><a href=\"http:\/\/www.feldmani.fr\/wp-content\/uploads\/2015\/06\/Concert_Israel_Ashdod.mp4\">http:\/\/www.feldmani.fr\/wp-content\/uploads\/2015\/06\/Concert_Israel_Ashdod.mp4<\/a><\/video><\/div>\n<p>&nbsp;<\/p>\n<p><b>\u00a0<\/b><\/p>\n<p><b>\u00a0<\/b><\/p>\n<p>&nbsp;<\/p>\n","protected":false},"excerpt":{"rendered":"<p>\u00a0\u00a0\u00a0FORMATION :\u00a0 &#8211; Doctorat de Victimologie clinique Univ. PARIS XIII &#8211; Etudes de m\u00e9decine Univ. PARIS VII, CHU Bichat &#8211; Doctorat de Psychopathologie Univ. Paris\u00a0 VIII &#8211; D.E.A. de Psychopathologie Univ. PARIS VIII &#8211; D.E.S.S. de Psychologie clinique Univ. PARIS &hellip; <a href=\"http:\/\/www.feldmani.fr\/?page_id=36\">Continuer la lecture <span class=\"meta-nav\">&rarr;<\/span><\/a><\/p>\n","protected":false},"author":1,"featured_media":0,"parent":0,"menu_order":0,"comment_status":"closed","ping_status":"open","template":"","meta":{"_monsterinsights_skip_tracking":false,"_monsterinsights_sitenote_active":false,"_monsterinsights_sitenote_note":"","_monsterinsights_sitenote_category":0,"spay_email":""},"jetpack_shortlink":"https:\/\/wp.me\/P34pEU-A","jetpack_sharing_enabled":false,"_links":{"self":[{"href":"http:\/\/www.feldmani.fr\/index.php?rest_route=\/wp\/v2\/pages\/36"}],"collection":[{"href":"http:\/\/www.feldmani.fr\/index.php?rest_route=\/wp\/v2\/pages"}],"about":[{"href":"http:\/\/www.feldmani.fr\/index.php?rest_route=\/wp\/v2\/types\/page"}],"author":[{"embeddable":true,"href":"http:\/\/www.feldmani.fr\/index.php?rest_route=\/wp\/v2\/users\/1"}],"replies":[{"embeddable":true,"href":"http:\/\/www.feldmani.fr\/index.php?rest_route=%2Fwp%2Fv2%2Fcomments&post=36"}],"version-history":[{"count":32,"href":"http:\/\/www.feldmani.fr\/index.php?rest_route=\/wp\/v2\/pages\/36\/revisions"}],"predecessor-version":[{"id":871,"href":"http:\/\/www.feldmani.fr\/index.php?rest_route=\/wp\/v2\/pages\/36\/revisions\/871"}],"wp:attachment":[{"href":"http:\/\/www.feldmani.fr\/index.php?rest_route=%2Fwp%2Fv2%2Fmedia&parent=36"}],"curies":[{"name":"wp","href":"https:\/\/api.w.org\/{rel}","templated":true}]}}