{"id":17,"date":"2013-01-14T14:31:41","date_gmt":"2013-01-14T13:31:41","guid":{"rendered":"http:\/\/www.feldmani.fr\/?page_id=17"},"modified":"2019-01-17T18:28:26","modified_gmt":"2019-01-17T17:28:26","slug":"mes-videos","status":"publish","type":"page","link":"http:\/\/www.feldmani.fr\/?page_id=17","title":{"rendered":"Vid\u00e9os"},"content":{"rendered":"<h3>L&rsquo;ASSOCIATION <a href=\"https:\/\/www.maavar.com\/\" target=\"_blank\">MAAVAR<\/a> a Organis\u00e9 une journ\u00e9e consacr\u00e9e \u00e0 la PSYCHANALYSE<br \/>\nLe 3 d\u00e9cembre 2018, de 9h00 \u00e0 17h00. parmi LES INTERVENANTS, Isra\u00ebl Feldman a trait\u00e9 du sujet suivant \u00ab\u00a0PSYCHANALYSE ET VICTIMOLOGIE\u00a0\u00bb<\/h3>\n<p><span style=\"font-size: small;\">Les tenants de la victimologie s&rsquo;opposent \u00e0 la psychanalyse \u00e0 cause du tournant de Freud quant \u00e0 l&rsquo;inceste (pour lui l&rsquo;inceste est souvent fantasm\u00e9 par les victimes) Pour les psychanalystes, les victimologues insistent trop sur les psychotraumatismes dus \u00e0 l&rsquo;inceste r\u00e9el. L\u2019intervention consiste \u00e0 d\u00e9montrer que les deux disciplines sont compl\u00e9mentaires.<br \/>\n<\/span><\/p>\n<div style=\"width: 584px;\" class=\"wp-video\"><!--[if lt IE 9]><script>document.createElement('video');<\/script><![endif]-->\n<video class=\"wp-video-shortcode\" id=\"video-17-1\" width=\"584\" height=\"329\" preload=\"metadata\" controls=\"controls\"><source type=\"video\/mp4\" src=\"http:\/\/www.feldmani.fr\/wp-content\/uploads\/2019\/01\/IBF_MAAVAR.mp4?_=1\" \/><a href=\"http:\/\/www.feldmani.fr\/wp-content\/uploads\/2019\/01\/IBF_MAAVAR.mp4\">http:\/\/www.feldmani.fr\/wp-content\/uploads\/2019\/01\/IBF_MAAVAR.mp4<\/a><\/video><\/div>\n<p><span style=\"font-size: small;\"><\/p>\n<p>Voir ou revoir cette intervention sur Youtube.<br \/>\n<a href=\"https:\/\/youtu.be\/BzXO5ARoJGI\" target=\"_blank\">Partie 1<\/a> (intervention d&rsquo;Isra\u00ebl Feldman \u00e0 la minute 45&rsquo;50)<br \/>\n<a href=\"https:\/\/youtu.be\/TzHQ2G6tDnU\" target=\"_blank\">Partie 2<\/a><\/span><\/p>\n<p><span style=\"font-size: small;\">Le Dr Isra\u00ebl Feldman r\u00e9pond aux questions de <\/span><span style=\"font-size: small;\"><a href=\"http:\/\/femininisrael.com\/\" target=\"_blank\">Femininisrael.com<\/a><\/span><br \/>\n<a href=\"https:\/\/www.youtube.com\/watch?v=rHK31J1Rkyc\" target=\"_blank\"><strong>Alertes Kassam &#8211; Que dois-je faire avec mes enfants ?<\/strong><\/a><\/p>\n<p><span style=\"font-size: small;\">A l&rsquo;occasion d&rsquo;une <\/span><span style=\"font-size: small;\">conf\u00e9rence pour <a href=\"http:\/\/www.aloumim.org.il\/\" target=\"_blank\">Aloumim<\/a><\/span><span style=\"font-size: small;\"> sur les enfants de la Shoah, Dr Israel Feldman victimologue, explique comment Isra\u00ebl est trait\u00e9 comme le bouc \u00e9missaire<br \/>\n<\/span><a href=\"https:\/\/www.youtube.com\/watch?v=1pK7ex38yJE\" target=\"_blank\"><strong>Isra\u00ebl bouc \u00e9missaire du Monde<\/strong><\/a><a href=\"http:\/\/femininisrael.com\/israel-bouc-emissaire-du-monde-dr-israel-feldman\/\" target=\"_blank\"><strong><br \/>\n<\/strong><\/a><span style=\"font-size: small;\"><br \/>\n<\/span><a href=\"http:\/\/www.youtube.com\/watch?v=cRtlZ-Xbk-M&amp;feature=youtu.be\" target=\"_blank\"><strong>Conf\u00e9rence Paris Mairie du IX\u00e8me par le Dr Isra\u00ebl Feldman et Fran\u00e7oise <\/strong><strong>Rudetski<\/strong><\/a><\/p>\n<p>&nbsp;<\/p>\n<p><a href=\"http:\/\/femininisrael.com\/israel-bouc-emissaire-du-monde-dr-israel-feldman\/\" target=\"_blank\"><strong>\u00a0<\/strong><\/a><\/p>\n<p>&nbsp;<\/p>\n<p><a href=\"http:\/\/femininisrael.com\/alerte-kassams-que-dois-je-faire-avec-mes-enfants-dr-israel-feldman\/?shared=email&amp;msg=fail\" target=\"_blank\"><br \/>\n<\/a><\/p>\n","protected":false},"excerpt":{"rendered":"<p>L&rsquo;ASSOCIATION MAAVAR a Organis\u00e9 une journ\u00e9e consacr\u00e9e \u00e0 la PSYCHANALYSE Le 3 d\u00e9cembre 2018, de 9h00 \u00e0 17h00. parmi LES INTERVENANTS, Isra\u00ebl Feldman a trait\u00e9 du sujet suivant \u00ab\u00a0PSYCHANALYSE ET VICTIMOLOGIE\u00a0\u00bb Les tenants de la victimologie s&rsquo;opposent \u00e0 la psychanalyse &hellip; <a href=\"http:\/\/www.feldmani.fr\/?page_id=17\">Continuer la lecture <span class=\"meta-nav\">&rarr;<\/span><\/a><\/p>\n","protected":false},"author":1,"featured_media":0,"parent":0,"menu_order":0,"comment_status":"closed","ping_status":"closed","template":"","meta":{"_monsterinsights_skip_tracking":false,"_monsterinsights_sitenote_active":false,"_monsterinsights_sitenote_note":"","_monsterinsights_sitenote_category":0,"spay_email":""},"jetpack_shortlink":"https:\/\/wp.me\/P34pEU-h","jetpack_sharing_enabled":true,"_links":{"self":[{"href":"http:\/\/www.feldmani.fr\/index.php?rest_route=\/wp\/v2\/pages\/17"}],"collection":[{"href":"http:\/\/www.feldmani.fr\/index.php?rest_route=\/wp\/v2\/pages"}],"about":[{"href":"http:\/\/www.feldmani.fr\/index.php?rest_route=\/wp\/v2\/types\/page"}],"author":[{"embeddable":true,"href":"http:\/\/www.feldmani.fr\/index.php?rest_route=\/wp\/v2\/users\/1"}],"replies":[{"embeddable":true,"href":"http:\/\/www.feldmani.fr\/index.php?rest_route=%2Fwp%2Fv2%2Fcomments&post=17"}],"version-history":[{"count":31,"href":"http:\/\/www.feldmani.fr\/index.php?rest_route=\/wp\/v2\/pages\/17\/revisions"}],"predecessor-version":[{"id":1130,"href":"http:\/\/www.feldmani.fr\/index.php?rest_route=\/wp\/v2\/pages\/17\/revisions\/1130"}],"wp:attachment":[{"href":"http:\/\/www.feldmani.fr\/index.php?rest_route=%2Fwp%2Fv2%2Fmedia&parent=17"}],"curies":[{"name":"wp","href":"https:\/\/api.w.org\/{rel}","templated":true}]}}