{"id":1100,"date":"2018-05-11T09:29:52","date_gmt":"2018-05-11T08:29:52","guid":{"rendered":"http:\/\/www.feldmani.fr\/?page_id=1100"},"modified":"2018-05-11T09:42:59","modified_gmt":"2018-05-11T08:42:59","slug":"mes-interviews","status":"publish","type":"page","link":"http:\/\/www.feldmani.fr\/?page_id=1100","title":{"rendered":"Interviews"},"content":{"rendered":"<h3>MISHA GAD WOLKOWICZ EST PSYCHANALYSTE, il fait partie du collectif qui a initi\u00e9 le manifeste \u00ab\u00a0contre le nouvel antis\u00e9mitisme\u00a0\u00bb.<\/h3>\n<h3>interview\u00e9 ici par Isra\u00ebl feldman et diffus\u00e9 sur <a href=\"https:\/\/frequencetelaviv.com\/\" target=\"_blank\">fr\u00e9quence tel aviv<\/a><\/h3>\n<p>&nbsp;<\/p>\n<div style=\"width: 400px;\" class=\"wp-video\"><!--[if lt IE 9]><script>document.createElement('video');<\/script><![endif]-->\n<video class=\"wp-video-shortcode\" id=\"video-1100-1\" width=\"400\" height=\"224\" preload=\"metadata\" controls=\"controls\"><source type=\"video\/mp4\" src=\"http:\/\/www.feldmani.fr\/wp-content\/uploads\/2018\/05\/Gad_Misha_Wolkovich_FreqTLV.mp4?_=1\" \/><a href=\"http:\/\/www.feldmani.fr\/wp-content\/uploads\/2018\/05\/Gad_Misha_Wolkovich_FreqTLV.mp4\">http:\/\/www.feldmani.fr\/wp-content\/uploads\/2018\/05\/Gad_Misha_Wolkovich_FreqTLV.mp4<\/a><\/video><\/div>\n","protected":false},"excerpt":{"rendered":"<p>MISHA GAD WOLKOWICZ EST PSYCHANALYSTE, il fait partie du collectif qui a initi\u00e9 le manifeste \u00ab\u00a0contre le nouvel antis\u00e9mitisme\u00a0\u00bb. interview\u00e9 ici par Isra\u00ebl feldman et diffus\u00e9 sur fr\u00e9quence tel aviv &nbsp;<\/p>\n","protected":false},"author":1,"featured_media":0,"parent":0,"menu_order":0,"comment_status":"closed","ping_status":"closed","template":"","meta":{"_monsterinsights_skip_tracking":false,"_monsterinsights_sitenote_active":false,"_monsterinsights_sitenote_note":"","_monsterinsights_sitenote_category":0,"spay_email":""},"jetpack_shortlink":"https:\/\/wp.me\/P34pEU-hK","jetpack_sharing_enabled":true,"_links":{"self":[{"href":"http:\/\/www.feldmani.fr\/index.php?rest_route=\/wp\/v2\/pages\/1100"}],"collection":[{"href":"http:\/\/www.feldmani.fr\/index.php?rest_route=\/wp\/v2\/pages"}],"about":[{"href":"http:\/\/www.feldmani.fr\/index.php?rest_route=\/wp\/v2\/types\/page"}],"author":[{"embeddable":true,"href":"http:\/\/www.feldmani.fr\/index.php?rest_route=\/wp\/v2\/users\/1"}],"replies":[{"embeddable":true,"href":"http:\/\/www.feldmani.fr\/index.php?rest_route=%2Fwp%2Fv2%2Fcomments&post=1100"}],"version-history":[{"count":5,"href":"http:\/\/www.feldmani.fr\/index.php?rest_route=\/wp\/v2\/pages\/1100\/revisions"}],"predecessor-version":[{"id":1108,"href":"http:\/\/www.feldmani.fr\/index.php?rest_route=\/wp\/v2\/pages\/1100\/revisions\/1108"}],"wp:attachment":[{"href":"http:\/\/www.feldmani.fr\/index.php?rest_route=%2Fwp%2Fv2%2Fmedia&parent=1100"}],"curies":[{"name":"wp","href":"https:\/\/api.w.org\/{rel}","templated":true}]}}